{"id":828,"date":"2025-12-08T17:50:03","date_gmt":"2025-12-08T17:50:03","guid":{"rendered":"https:\/\/alice.courtois.info\/?page_id=828"},"modified":"2025-12-08T17:51:38","modified_gmt":"2025-12-08T17:51:38","slug":"chili-montee-de-lextreme-droite-a-la-veille-des-elections-presidentielles","status":"publish","type":"page","link":"https:\/\/alice.courtois.info\/?page_id=828","title":{"rendered":"Chili : mont\u00e9e de l&#8217;extr\u00eame droite \u00e0 la veille des \u00e9lections pr\u00e9sidentielles"},"content":{"rendered":"","protected":false},"excerpt":{"rendered":"","protected":false},"author":3,"featured_media":0,"parent":0,"menu_order":0,"comment_status":"closed","ping_status":"closed","template":"full-width","meta":{"saved_in_kubio":true,"footnotes":""},"class_list":["post-828","page","type-page","status-publish","hentry"],"kubio_ai_page_context":{"short_desc":"","purpose":"general"},"_links":{"self":[{"href":"https:\/\/alice.courtois.info\/index.php?rest_route=\/wp\/v2\/pages\/828","targetHints":{"allow":["GET"]}}],"collection":[{"href":"https:\/\/alice.courtois.info\/index.php?rest_route=\/wp\/v2\/pages"}],"about":[{"href":"https:\/\/alice.courtois.info\/index.php?rest_route=\/wp\/v2\/types\/page"}],"author":[{"embeddable":true,"href":"https:\/\/alice.courtois.info\/index.php?rest_route=\/wp\/v2\/users\/3"}],"replies":[{"embeddable":true,"href":"https:\/\/alice.courtois.info\/index.php?rest_route=%2Fwp%2Fv2%2Fcomments&post=828"}],"version-history":[{"count":1,"href":"https:\/\/alice.courtois.info\/index.php?rest_route=\/wp\/v2\/pages\/828\/revisions"}],"predecessor-version":[{"id":834,"href":"https:\/\/alice.courtois.info\/index.php?rest_route=\/wp\/v2\/pages\/828\/revisions\/834"}],"wp:attachment":[{"href":"https:\/\/alice.courtois.info\/index.php?rest_route=%2Fwp%2Fv2%2Fmedia&parent=828"}],"curies":[{"name":"wp","href":"https:\/\/api.w.org\/{rel}","templated":true}]}}