{"id":795,"date":"2025-12-08T17:44:09","date_gmt":"2025-12-08T17:44:09","guid":{"rendered":"https:\/\/alice.courtois.info\/?page_id=795"},"modified":"2025-12-08T17:45:48","modified_gmt":"2025-12-08T17:45:48","slug":"lelection-de-samia-suluhu-hassan-en-tanzanie-atteinte-a-la-democratie-et-inquietude-de-lonu","status":"publish","type":"page","link":"https:\/\/alice.courtois.info\/?page_id=795","title":{"rendered":"L&#8217;\u00e9lection de Samia Suluhu Hassan en Tanzanie : atteinte \u00e0 la d\u00e9mocratie et inqui\u00e9tude de l&#8217;ONU"},"content":{"rendered":"","protected":false},"excerpt":{"rendered":"","protected":false},"author":3,"featured_media":0,"parent":0,"menu_order":0,"comment_status":"closed","ping_status":"closed","template":"full-width","meta":{"saved_in_kubio":true,"footnotes":""},"class_list":["post-795","page","type-page","status-publish","hentry"],"kubio_ai_page_context":{"short_desc":"","purpose":"general"},"_links":{"self":[{"href":"https:\/\/alice.courtois.info\/index.php?rest_route=\/wp\/v2\/pages\/795","targetHints":{"allow":["GET"]}}],"collection":[{"href":"https:\/\/alice.courtois.info\/index.php?rest_route=\/wp\/v2\/pages"}],"about":[{"href":"https:\/\/alice.courtois.info\/index.php?rest_route=\/wp\/v2\/types\/page"}],"author":[{"embeddable":true,"href":"https:\/\/alice.courtois.info\/index.php?rest_route=\/wp\/v2\/users\/3"}],"replies":[{"embeddable":true,"href":"https:\/\/alice.courtois.info\/index.php?rest_route=%2Fwp%2Fv2%2Fcomments&post=795"}],"version-history":[{"count":2,"href":"https:\/\/alice.courtois.info\/index.php?rest_route=\/wp\/v2\/pages\/795\/revisions"}],"predecessor-version":[{"id":804,"href":"https:\/\/alice.courtois.info\/index.php?rest_route=\/wp\/v2\/pages\/795\/revisions\/804"}],"wp:attachment":[{"href":"https:\/\/alice.courtois.info\/index.php?rest_route=%2Fwp%2Fv2%2Fmedia&parent=795"}],"curies":[{"name":"wp","href":"https:\/\/api.w.org\/{rel}","templated":true}]}}