{"id":759,"date":"2025-12-08T17:36:33","date_gmt":"2025-12-08T17:36:33","guid":{"rendered":"https:\/\/alice.courtois.info\/?page_id=759"},"modified":"2025-12-08T17:37:57","modified_gmt":"2025-12-08T17:37:57","slug":"elections-legislatives-anticipees-aux-pays-bas-retournement-inattendu","status":"publish","type":"page","link":"https:\/\/alice.courtois.info\/?page_id=759","title":{"rendered":"\u00c9lections l\u00e9gislatives anticip\u00e9es aux Pays-Bas : retournement inattendu"},"content":{"rendered":"","protected":false},"excerpt":{"rendered":"","protected":false},"author":3,"featured_media":0,"parent":0,"menu_order":0,"comment_status":"closed","ping_status":"closed","template":"full-width","meta":{"saved_in_kubio":true,"footnotes":""},"class_list":["post-759","page","type-page","status-publish","hentry"],"kubio_ai_page_context":{"short_desc":"","purpose":"general"},"_links":{"self":[{"href":"https:\/\/alice.courtois.info\/index.php?rest_route=\/wp\/v2\/pages\/759","targetHints":{"allow":["GET"]}}],"collection":[{"href":"https:\/\/alice.courtois.info\/index.php?rest_route=\/wp\/v2\/pages"}],"about":[{"href":"https:\/\/alice.courtois.info\/index.php?rest_route=\/wp\/v2\/types\/page"}],"author":[{"embeddable":true,"href":"https:\/\/alice.courtois.info\/index.php?rest_route=\/wp\/v2\/users\/3"}],"replies":[{"embeddable":true,"href":"https:\/\/alice.courtois.info\/index.php?rest_route=%2Fwp%2Fv2%2Fcomments&post=759"}],"version-history":[{"count":1,"href":"https:\/\/alice.courtois.info\/index.php?rest_route=\/wp\/v2\/pages\/759\/revisions"}],"predecessor-version":[{"id":765,"href":"https:\/\/alice.courtois.info\/index.php?rest_route=\/wp\/v2\/pages\/759\/revisions\/765"}],"wp:attachment":[{"href":"https:\/\/alice.courtois.info\/index.php?rest_route=%2Fwp%2Fv2%2Fmedia&parent=759"}],"curies":[{"name":"wp","href":"https:\/\/api.w.org\/{rel}","templated":true}]}}