{"id":747,"date":"2025-12-08T17:34:11","date_gmt":"2025-12-08T17:34:11","guid":{"rendered":"https:\/\/alice.courtois.info\/?page_id=747"},"modified":"2025-12-08T17:36:12","modified_gmt":"2025-12-08T17:36:12","slug":"zohran-mamdani-et-lavenement-du-parti-democrate-aux-us","status":"publish","type":"page","link":"https:\/\/alice.courtois.info\/?page_id=747","title":{"rendered":"Zohran Mamdani et l&#8217;av\u00e9n\u00e8ment du parti d\u00e9mocrate aux US"},"content":{"rendered":"","protected":false},"excerpt":{"rendered":"","protected":false},"author":3,"featured_media":0,"parent":0,"menu_order":0,"comment_status":"closed","ping_status":"closed","template":"full-width","meta":{"saved_in_kubio":true,"footnotes":""},"class_list":["post-747","page","type-page","status-publish","hentry"],"kubio_ai_page_context":{"short_desc":"","purpose":"general"},"_links":{"self":[{"href":"https:\/\/alice.courtois.info\/index.php?rest_route=\/wp\/v2\/pages\/747","targetHints":{"allow":["GET"]}}],"collection":[{"href":"https:\/\/alice.courtois.info\/index.php?rest_route=\/wp\/v2\/pages"}],"about":[{"href":"https:\/\/alice.courtois.info\/index.php?rest_route=\/wp\/v2\/types\/page"}],"author":[{"embeddable":true,"href":"https:\/\/alice.courtois.info\/index.php?rest_route=\/wp\/v2\/users\/3"}],"replies":[{"embeddable":true,"href":"https:\/\/alice.courtois.info\/index.php?rest_route=%2Fwp%2Fv2%2Fcomments&post=747"}],"version-history":[{"count":1,"href":"https:\/\/alice.courtois.info\/index.php?rest_route=\/wp\/v2\/pages\/747\/revisions"}],"predecessor-version":[{"id":756,"href":"https:\/\/alice.courtois.info\/index.php?rest_route=\/wp\/v2\/pages\/747\/revisions\/756"}],"wp:attachment":[{"href":"https:\/\/alice.courtois.info\/index.php?rest_route=%2Fwp%2Fv2%2Fmedia&parent=747"}],"curies":[{"name":"wp","href":"https:\/\/api.w.org\/{rel}","templated":true}]}}