{"id":1549,"date":"2026-02-12T11:11:36","date_gmt":"2026-02-12T11:11:36","guid":{"rendered":"https:\/\/alice.courtois.info\/?page_id=1549"},"modified":"2026-02-12T11:12:13","modified_gmt":"2026-02-12T11:12:13","slug":"le-venezuela-post-maduro-un-futur-incertain","status":"publish","type":"page","link":"https:\/\/alice.courtois.info\/?page_id=1549","title":{"rendered":"Le V\u00e9n\u00e9zu\u00e9la post-Maduro : un futur incertain ?"},"content":{"rendered":"","protected":false},"excerpt":{"rendered":"","protected":false},"author":3,"featured_media":0,"parent":0,"menu_order":0,"comment_status":"closed","ping_status":"closed","template":"full-width","meta":{"saved_in_kubio":true,"footnotes":""},"class_list":["post-1549","page","type-page","status-publish","hentry"],"kubio_ai_page_context":{"short_desc":"","purpose":"general"},"_links":{"self":[{"href":"https:\/\/alice.courtois.info\/index.php?rest_route=\/wp\/v2\/pages\/1549","targetHints":{"allow":["GET"]}}],"collection":[{"href":"https:\/\/alice.courtois.info\/index.php?rest_route=\/wp\/v2\/pages"}],"about":[{"href":"https:\/\/alice.courtois.info\/index.php?rest_route=\/wp\/v2\/types\/page"}],"author":[{"embeddable":true,"href":"https:\/\/alice.courtois.info\/index.php?rest_route=\/wp\/v2\/users\/3"}],"replies":[{"embeddable":true,"href":"https:\/\/alice.courtois.info\/index.php?rest_route=%2Fwp%2Fv2%2Fcomments&post=1549"}],"version-history":[{"count":1,"href":"https:\/\/alice.courtois.info\/index.php?rest_route=\/wp\/v2\/pages\/1549\/revisions"}],"predecessor-version":[{"id":1552,"href":"https:\/\/alice.courtois.info\/index.php?rest_route=\/wp\/v2\/pages\/1549\/revisions\/1552"}],"wp:attachment":[{"href":"https:\/\/alice.courtois.info\/index.php?rest_route=%2Fwp%2Fv2%2Fmedia&parent=1549"}],"curies":[{"name":"wp","href":"https:\/\/api.w.org\/{rel}","templated":true}]}}